{"id":1268,"date":"2023-11-21T20:19:08","date_gmt":"2023-11-21T20:19:08","guid":{"rendered":"https:\/\/joseluischavezcalva.com\/?page_id=1268"},"modified":"2026-03-18T08:38:05","modified_gmt":"2026-03-18T08:38:05","slug":"en-los-medios","status":"publish","type":"page","link":"https:\/\/joseluischavezcalva.com\/es\/en-los-medios\/","title":{"rendered":"Media"},"content":{"rendered":"\t\t<div data-elementor-type=\"wp-page\" data-elementor-id=\"1268\" class=\"elementor elementor-1268 elementor-1220\" data-elementor-post-type=\"page\">\n\t\t\t\t\t\t<section class=\"elementor-section elementor-top-section elementor-element elementor-element-5d50899 elementor-section-height-min-height elementor-section-full_width elementor-section-height-default elementor-section-items-middle\" data-id=\"5d50899\" data-element_type=\"section\" data-e-type=\"section\" data-settings=\"{&quot;background_background&quot;:&quot;classic&quot;}\">\n\t\t\t\t\t\t\t<div class=\"elementor-background-overlay\"><\/div>\n\t\t\t\t\t\t\t<div class=\"elementor-container elementor-column-gap-default\">\n\t\t\t\t\t<div class=\"elementor-column elementor-col-100 elementor-top-column elementor-element elementor-element-1c864dc\" data-id=\"1c864dc\" data-element_type=\"column\" data-e-type=\"column\">\n\t\t\t<div class=\"elementor-widget-wrap elementor-element-populated\">\n\t\t\t\t\t\t<div class=\"elementor-element elementor-element-c5e8d0f elementor-widget elementor-widget-icon-box\" data-id=\"c5e8d0f\" data-element_type=\"widget\" data-e-type=\"widget\" data-widget_type=\"icon-box.default\">\n\t\t\t\t<div class=\"elementor-widget-container\">\n\t\t\t\t\t\t\t<div class=\"elementor-icon-box-wrapper\">\n\n\t\t\t\n\t\t\t\t\t\t<div class=\"elementor-icon-box-content\">\n\n\t\t\t\t\t\t\t\t\t<h1 class=\"elementor-icon-box-title\">\n\t\t\t\t\t\t<span  >\n\t\t\t\t\t\t\tEn los medios\t\t\t\t\t\t<\/span>\n\t\t\t\t\t<\/h1>\n\t\t\t\t\n\t\t\t\t\n\t\t\t<\/div>\n\t\t\t\n\t\t<\/div>\n\t\t\t\t\t\t<\/div>\n\t\t\t\t<\/div>\n\t\t\t\t\t<\/div>\n\t\t<\/div>\n\t\t\t\t\t<\/div>\n\t\t<\/section>\n\t\t<div class=\"elementor-element elementor-element-4ff6e09 e-flex e-con-boxed e-con e-parent\" data-id=\"4ff6e09\" data-element_type=\"container\" data-e-type=\"container\">\n\t\t\t\t\t<div class=\"e-con-inner\">\n\t\t<div class=\"elementor-element elementor-element-6d98329 e-con-full e-flex e-con e-child\" data-id=\"6d98329\" data-element_type=\"container\" data-e-type=\"container\" data-settings=\"{&quot;background_background&quot;:&quot;classic&quot;}\">\n\t\t\t\t<div class=\"elementor-element elementor-element-348ef90 elementor-widget elementor-widget-image\" data-id=\"348ef90\" data-element_type=\"widget\" data-e-type=\"widget\" data-widget_type=\"image.default\">\n\t\t\t\t<div class=\"elementor-widget-container\">\n\t\t\t\t\t\t\t\t\t\t\t\t\t\t\t<img fetchpriority=\"high\" decoding=\"async\" width=\"1000\" height=\"667\" src=\"https:\/\/joseluischavezcalva.com\/wp-content\/uploads\/2023\/11\/aa93068d-36a6-443b-1f82-08d9a2195167.webp\" class=\"attachment-large size-large wp-image-1230\" alt=\"POWERING THE FUTURE: WHY WE CAN\u2019T IGNORE THE TRANSMISSION LINES\" srcset=\"https:\/\/joseluischavezcalva.com\/wp-content\/uploads\/2023\/11\/aa93068d-36a6-443b-1f82-08d9a2195167.webp 1000w, https:\/\/joseluischavezcalva.com\/wp-content\/uploads\/2023\/11\/aa93068d-36a6-443b-1f82-08d9a2195167-300x200.webp 300w, https:\/\/joseluischavezcalva.com\/wp-content\/uploads\/2023\/11\/aa93068d-36a6-443b-1f82-08d9a2195167-768x512.webp 768w\" sizes=\"(max-width: 1000px) 100vw, 1000px\" \/>\t\t\t\t\t\t\t\t\t\t\t\t\t\t\t<\/div>\n\t\t\t\t<\/div>\n\t\t\t\t<div class=\"elementor-element elementor-element-82b693b elementor-vertical-align-bottom elementor-widget elementor-widget-image-box\" data-id=\"82b693b\" data-element_type=\"widget\" data-e-type=\"widget\" data-widget_type=\"image-box.default\">\n\t\t\t\t<div class=\"elementor-widget-container\">\n\t\t\t\t\t<div class=\"elementor-image-box-wrapper\"><div class=\"elementor-image-box-content\"><h5 class=\"elementor-image-box-title\"><a href=\"https:\/\/www.cinconoticias.com\/superconductividad-impacto-transformador-almacenamiento-transmision-energia\/\" target=\"_blank\" rel=\"noopener\">Superconductividad: Impacto transformador en el almacenamiento y transmisi\u00f3n de energ\u00eda<\/a><\/h5><p class=\"elementor-image-box-description\">La superconductividad es un fen\u00f3meno f\u00edsico en el que ciertos materiales pueden conducir corriente el\u00e9ctrica con resistencia cero cuando se enfr\u00edan por debajo de una temperatura espec\u00edfica.\nLos superconductores Tipo I, generalmente metales puros, est\u00e1n limitados por sus bajas temperaturas y campos magn\u00e9ticos cr\u00edticos; el Tipo II, normalmente compuestos met\u00e1licos o aleaciones, pueden mantener la superconductividad a temperaturas y campos magn\u00e9ticos m\u00e1s altos, ofreciendo usos m\u00e1s pr\u00e1cticos.\nLas aplicaciones van desde scanners de MRI en medicina y trenes maglev en transporte hasta aceleradores de part\u00edculas en f\u00edsica y computaci\u00f3n cu\u00e1ntica.\n<\/p><\/div><\/div>\t\t\t\t<\/div>\n\t\t\t\t<\/div>\n\t\t\t\t<\/div>\n\t\t<div class=\"elementor-element elementor-element-e1249e5 e-con-full e-flex e-con e-child\" data-id=\"e1249e5\" data-element_type=\"container\" data-e-type=\"container\" data-settings=\"{&quot;background_background&quot;:&quot;classic&quot;}\">\n\t\t\t\t<div class=\"elementor-element elementor-element-84e248b elementor-widget elementor-widget-image\" data-id=\"84e248b\" data-element_type=\"widget\" data-e-type=\"widget\" data-widget_type=\"image.default\">\n\t\t\t\t<div class=\"elementor-widget-container\">\n\t\t\t\t\t\t\t\t\t\t\t\t\t\t\t<img decoding=\"async\" width=\"996\" height=\"560\" src=\"https:\/\/joseluischavezcalva.com\/wp-content\/uploads\/2023\/11\/solar-panels-roof-solar-cell_335224-1324.jpg\" class=\"attachment-large size-large wp-image-1292\" alt=\"\" srcset=\"https:\/\/joseluischavezcalva.com\/wp-content\/uploads\/2023\/11\/solar-panels-roof-solar-cell_335224-1324.jpg 996w, https:\/\/joseluischavezcalva.com\/wp-content\/uploads\/2023\/11\/solar-panels-roof-solar-cell_335224-1324-300x169.jpg 300w, https:\/\/joseluischavezcalva.com\/wp-content\/uploads\/2023\/11\/solar-panels-roof-solar-cell_335224-1324-768x432.jpg 768w\" sizes=\"(max-width: 996px) 100vw, 996px\" \/>\t\t\t\t\t\t\t\t\t\t\t\t\t\t\t<\/div>\n\t\t\t\t<\/div>\n\t\t\t\t<div class=\"elementor-element elementor-element-f6b1b52 elementor-vertical-align-bottom elementor-widget elementor-widget-image-box\" data-id=\"f6b1b52\" data-element_type=\"widget\" data-e-type=\"widget\" data-widget_type=\"image-box.default\">\n\t\t\t\t<div class=\"elementor-widget-container\">\n\t\t\t\t\t<div class=\"elementor-image-box-wrapper\"><div class=\"elementor-image-box-content\"><h5 class=\"elementor-image-box-title\"><a href=\"https:\/\/www.cinconoticias.com\/energia-solar\/\" target=\"_blank\" rel=\"noopener\">Energ\u00eda solar: qu\u00e9 es, tipos, beneficios y usos de la fuente energ\u00e9tica que salvar\u00e1 a la humanidad<\/a><\/h5><p class=\"elementor-image-box-description\">La energ\u00eda solar es una fuente de energ\u00eda permanente e inagotable en forma de radiaci\u00f3n que llega a nuestro planeta procedente del sol. Para captarla se usan c\u00e9lulas fotoel\u00e9ctricas que forman parte de los paneles fotovoltaicos, colectores solares y heliostatos.\nLa energ\u00eda solar se presenta como una alternativa de energ\u00eda limpia y una de las m\u00e1s f\u00e1ciles de producir. Algunos de los beneficios que se obtienen de ella son: no contaminante, reduce costos, reaprovechable, inagotable y adaptable a diferentes terrenos, sociedades y necesidades.\n<\/p><\/div><\/div>\t\t\t\t<\/div>\n\t\t\t\t<\/div>\n\t\t\t\t<\/div>\n\t\t\t\t\t<\/div>\n\t\t\t\t<\/div>\n\t\t<div class=\"elementor-element elementor-element-b4f2b0c e-flex e-con-boxed e-con e-parent\" data-id=\"b4f2b0c\" data-element_type=\"container\" data-e-type=\"container\">\n\t\t\t\t\t<div class=\"e-con-inner\">\n\t\t<div class=\"elementor-element elementor-element-fbf8f18 e-con-full e-flex e-con e-child\" data-id=\"fbf8f18\" data-element_type=\"container\" data-e-type=\"container\" data-settings=\"{&quot;background_background&quot;:&quot;classic&quot;}\">\n\t\t\t\t<div class=\"elementor-element elementor-element-96d483b elementor-widget elementor-widget-image\" data-id=\"96d483b\" data-element_type=\"widget\" data-e-type=\"widget\" data-widget_type=\"image.default\">\n\t\t\t\t<div class=\"elementor-widget-container\">\n\t\t\t\t\t\t\t\t\t\t\t\t\t\t\t<img decoding=\"async\" width=\"900\" height=\"563\" src=\"https:\/\/joseluischavezcalva.com\/wp-content\/uploads\/2023\/11\/3d-drone-flying-sunset-sea_1048-12782.jpg\" class=\"attachment-large size-large wp-image-1284\" alt=\"\" srcset=\"https:\/\/joseluischavezcalva.com\/wp-content\/uploads\/2023\/11\/3d-drone-flying-sunset-sea_1048-12782.jpg 900w, https:\/\/joseluischavezcalva.com\/wp-content\/uploads\/2023\/11\/3d-drone-flying-sunset-sea_1048-12782-300x188.jpg 300w, https:\/\/joseluischavezcalva.com\/wp-content\/uploads\/2023\/11\/3d-drone-flying-sunset-sea_1048-12782-768x480.jpg 768w\" sizes=\"(max-width: 900px) 100vw, 900px\" \/>\t\t\t\t\t\t\t\t\t\t\t\t\t\t\t<\/div>\n\t\t\t\t<\/div>\n\t\t\t\t<div class=\"elementor-element elementor-element-cd4c2d4 elementor-vertical-align-bottom elementor-widget elementor-widget-image-box\" data-id=\"cd4c2d4\" data-element_type=\"widget\" data-e-type=\"widget\" data-widget_type=\"image-box.default\">\n\t\t\t\t<div class=\"elementor-widget-container\">\n\t\t\t\t\t<div class=\"elementor-image-box-wrapper\"><div class=\"elementor-image-box-content\"><h5 class=\"elementor-image-box-title\"><a href=\"https:\/\/www.cinconoticias.com\/drones-ia-teoria-de-redes-conflictos-modernos\/\" target=\"_blank\" rel=\"noopener\">Drones, IA y teor\u00eda de redes en el centro del escenario en conflictos modernos<\/a><\/h5><p class=\"elementor-image-box-description\">Los drones se han convertido en elementos esenciales en la guerra. Los dise\u00f1ados con IA pueden procesar grandes cantidades de datos, tomar decisiones en tiempo real y adaptarse a las condiciones cambiantes. \nMientras que, los modelos de teor\u00eda de redes sirven para comprender las relaciones e interacciones entre diversas entidades en un conflicto. Los de teor\u00eda de grafos pueden \nayudar a identificar objetivos de valor, vulnerabilidades y puntos cr\u00edticos, mientras que las t\u00e9cnicas de optimizaci\u00f3n de redes permiten dise\u00f1ar sistemas de comunicaci\u00f3n resilientes, eficientes y seguros.<\/p><\/div><\/div>\t\t\t\t<\/div>\n\t\t\t\t<\/div>\n\t\t\t\t<\/div>\n\t\t<div class=\"elementor-element elementor-element-c470493 e-con-full e-flex e-con e-child\" data-id=\"c470493\" data-element_type=\"container\" data-e-type=\"container\" data-settings=\"{&quot;background_background&quot;:&quot;classic&quot;}\">\n\t\t\t\t<div class=\"elementor-element elementor-element-09d0fe0 elementor-widget elementor-widget-image\" data-id=\"09d0fe0\" data-element_type=\"widget\" data-e-type=\"widget\" data-widget_type=\"image.default\">\n\t\t\t\t<div class=\"elementor-widget-container\">\n\t\t\t\t\t\t\t\t\t\t\t\t\t\t\t<img fetchpriority=\"high\" decoding=\"async\" width=\"1000\" height=\"667\" src=\"https:\/\/joseluischavezcalva.com\/wp-content\/uploads\/2023\/11\/aa93068d-36a6-443b-1f82-08d9a2195167.webp\" class=\"attachment-large size-large wp-image-1230\" alt=\"POWERING THE FUTURE: WHY WE CAN\u2019T IGNORE THE TRANSMISSION LINES\" srcset=\"https:\/\/joseluischavezcalva.com\/wp-content\/uploads\/2023\/11\/aa93068d-36a6-443b-1f82-08d9a2195167.webp 1000w, https:\/\/joseluischavezcalva.com\/wp-content\/uploads\/2023\/11\/aa93068d-36a6-443b-1f82-08d9a2195167-300x200.webp 300w, https:\/\/joseluischavezcalva.com\/wp-content\/uploads\/2023\/11\/aa93068d-36a6-443b-1f82-08d9a2195167-768x512.webp 768w\" sizes=\"(max-width: 1000px) 100vw, 1000px\" \/>\t\t\t\t\t\t\t\t\t\t\t\t\t\t\t<\/div>\n\t\t\t\t<\/div>\n\t\t\t\t<div class=\"elementor-element elementor-element-281661c elementor-vertical-align-bottom elementor-widget elementor-widget-image-box\" data-id=\"281661c\" data-element_type=\"widget\" data-e-type=\"widget\" data-widget_type=\"image-box.default\">\n\t\t\t\t<div class=\"elementor-widget-container\">\n\t\t\t\t\t<div class=\"elementor-image-box-wrapper\"><div class=\"elementor-image-box-content\"><h5 class=\"elementor-image-box-title\"><a href=\"https:\/\/www.cinconoticias.com\/descifrando-futuro-nanosistemas-enfoque-basado-teoria-redes\/\" target=\"_blank\" rel=\"noopener\">Descifrando el futuro de los nanosistemas: enfoque basado en la teor\u00eda de redes<\/a><\/h5><p class=\"elementor-image-box-description\">La teor\u00eda de redes examina la estructura y din\u00e1mica de sistemas complejos mediante el an\u00e1lisis de sus redes subyacentes. Al estudiar las relaciones entre componentes proporciona informaci\u00f3n para el dise\u00f1o y an\u00e1lisis de nanosistemas.\nEn esta \u00e1rea, permite a los investigadores representar las interacciones entre componentes nanom\u00e9tricos como nodos y bordes en un gr\u00e1fico de red. Esto logra la identificaci\u00f3n de propiedades como conectividad, robustez y modularidad, que son cruciales para dise\u00f1ar nanodispositivos eficientes y efectivos.\nEl medioambiente y la medicina podr\u00edan verse beneficiados con su uso.\n<\/p><\/div><\/div>\t\t\t\t<\/div>\n\t\t\t\t<\/div>\n\t\t\t\t<\/div>\n\t\t\t\t\t<\/div>\n\t\t\t\t<\/div>\n\t\t<div class=\"elementor-element elementor-element-2cc5cad e-flex e-con-boxed e-con e-parent\" data-id=\"2cc5cad\" data-element_type=\"container\" data-e-type=\"container\">\n\t\t\t\t\t<div class=\"e-con-inner\">\n\t\t<div class=\"elementor-element elementor-element-45b3e70 e-con-full e-flex e-con e-child\" data-id=\"45b3e70\" data-element_type=\"container\" data-e-type=\"container\" data-settings=\"{&quot;background_background&quot;:&quot;classic&quot;}\">\n\t\t\t\t<div class=\"elementor-element elementor-element-5422347 elementor-widget elementor-widget-image\" data-id=\"5422347\" data-element_type=\"widget\" data-e-type=\"widget\" data-widget_type=\"image.default\">\n\t\t\t\t<div class=\"elementor-widget-container\">\n\t\t\t\t\t\t\t\t\t\t\t\t\t\t\t<img loading=\"lazy\" decoding=\"async\" width=\"1000\" height=\"563\" src=\"https:\/\/joseluischavezcalva.com\/wp-content\/uploads\/2023\/11\/smart-agriculture-iot-with-hand-planting-tree-background.png\" class=\"attachment-large size-large wp-image-1287\" alt=\"\" srcset=\"https:\/\/joseluischavezcalva.com\/wp-content\/uploads\/2023\/11\/smart-agriculture-iot-with-hand-planting-tree-background.png 1000w, https:\/\/joseluischavezcalva.com\/wp-content\/uploads\/2023\/11\/smart-agriculture-iot-with-hand-planting-tree-background-300x169.png 300w, https:\/\/joseluischavezcalva.com\/wp-content\/uploads\/2023\/11\/smart-agriculture-iot-with-hand-planting-tree-background-768x432.png 768w\" sizes=\"(max-width: 1000px) 100vw, 1000px\" \/>\t\t\t\t\t\t\t\t\t\t\t\t\t\t\t<\/div>\n\t\t\t\t<\/div>\n\t\t\t\t<div class=\"elementor-element elementor-element-43d9624 elementor-vertical-align-bottom elementor-widget elementor-widget-image-box\" data-id=\"43d9624\" data-element_type=\"widget\" data-e-type=\"widget\" data-widget_type=\"image-box.default\">\n\t\t\t\t<div class=\"elementor-widget-container\">\n\t\t\t\t\t<div class=\"elementor-image-box-wrapper\"><div class=\"elementor-image-box-content\"><h5 class=\"elementor-image-box-title\"><a href=\"https:\/\/alertanacional.es\/integracion-fotovoltaica-y-tecnologica-con-agricultura-vertical\/\" target=\"_blank\" rel=\"noopener\">Integraci\u00f3n fotovoltaica y tecnol\u00f3gica con agricultura vertical<\/a><\/h5><p class=\"elementor-image-box-description\">La integraci\u00f3n fotovoltaica tiene el potencial de revolucionar la agricultura sostenible y la producci\u00f3n de energ\u00eda renovable, produciendo un cambio en los sectores.\n\nDentro de las nuevas tecnolog\u00edas de esta \u00e1rea se encuentran los paneles solares semitransparentes, que permiten el crecimiento simult\u00e1neo de cultivos y la generaci\u00f3n de electricidad; los Paneles solares bifaciales, que aumentan su eficiencia; los sistemas de riego inteligentes, que optimizan el uso del agua; las Soluciones de almacenamiento de energ\u00eda; la Integraci\u00f3n de tecnolog\u00eda IoT; la Iluminaci\u00f3n LED din\u00e1mica; los Sistemas rob\u00f3ticos; y el Aprendizaje autom\u00e1tico e inteligencia artificial.\n\n<\/p><\/div><\/div>\t\t\t\t<\/div>\n\t\t\t\t<\/div>\n\t\t\t\t<\/div>\n\t\t\t\t\t<\/div>\n\t\t\t\t<\/div>\n\t\t<div class=\"elementor-element elementor-element-de96a94 e-flex e-con-boxed e-con e-parent\" data-id=\"de96a94\" data-element_type=\"container\" data-e-type=\"container\">\n\t\t\t\t\t<div class=\"e-con-inner\">\n\t\t\t\t<div class=\"elementor-element elementor-element-db3424e elementor-widget elementor-widget-text-editor\" data-id=\"db3424e\" data-element_type=\"widget\" data-e-type=\"widget\" data-widget_type=\"text-editor.default\">\n\t\t\t\t<div class=\"elementor-widget-container\">\n\t\t\t\t\t\t\t\t\t<h3>Destacado en los Medios<\/h3>\n<ul>\n<li><a href=\"https:\/\/rajkotupdatesnews.in\/powering-the-future-why-we-cant-ignore-the-transmission-lines\/\" target=\"_blank\" rel=\"noopener\">Powering the Future: Why We Can\u2019t Ignore the Transmission Lines<\/a><\/li>\n<li><a href=\"https:\/\/researchsnipers.com\/superconductivity-transformative-impact-of-room-temperature-superconductors-on-energy-storage-and-transmission\/\" target=\"_blank\" rel=\"noopener\">Superconductivity: Transformative Impact on Energy Storage and Transmission<\/a><\/li>\n<li><a href=\"https:\/\/businessworld24.com\/revolutionizing-the-future-the-rise-of-renewable-energy-technology\/\" target=\"_blank\" rel=\"noopener\">Revolutionizing the Future: The Rise of Renewable Energy Technology<\/a><\/li>\n<li><a href=\"https:\/\/researchsnipers.com\/the-green-maritime-industry-electric-propulsion-and-onboard-storage-batteries\/\" target=\"_blank\" rel=\"noopener\">The Green Maritime Industry: Electric Propulsion and Onboard Storage Batteries<\/a><\/li>\n<li><a href=\"https:\/\/researchsnipers.com\/wireless-contactless-charging-technologies-innovations-and-the-future\/\" target=\"_blank\" rel=\"noopener\">Wireless Contactless Charging Technologies: Innovations and the Future<\/a><\/li>\n<li><a href=\"https:\/\/researchsnipers.com\/powering-the-future-why-we-cant-ignore-the-transmission-lines\/\" target=\"_blank\" rel=\"noopener\">Powering the Future: Why We Can\u2019t Ignore the Transmission Lines<\/a><\/li>\n<li><a href=\"https:\/\/researchsnipers.com\/solar-energy-cutting-edge-approaches\/\" target=\"_blank\" rel=\"noopener\">Solar Energy: Cutting-Edge Approaches<\/a><\/li>\n<li><a href=\"https:\/\/researchsnipers.com\/the-green-hydrogen-revolution-fueling-a-sustainable-energy-future\/\" target=\"_blank\" rel=\"noopener\">The Green Hydrogen Revolution: Fueling a Sustainable Energy Future<\/a><\/li>\n<li><a href=\"https:\/\/researchsnipers.com\/how-electric-vehicles-impacting-minerals-industry\/\" target=\"_blank\" rel=\"noopener\">How Electric Vehicles Are Impacting the Minerals Industry<\/a><\/li>\n<li><a href=\"https:\/\/researchsnipers.com\/breakthroughs-in-energy-storage-technologies-pave-the-way-for-a-sustainable-future\/\" target=\"_blank\" rel=\"noopener\">Breakthroughs in Energy Storage Technologies<\/a><\/li>\n<li><a href=\"https:\/\/researchsnipers.com\/eolic-technology-challenges-and-solutions\/\" target=\"_blank\" rel=\"noopener\">Eolic Technology: Challenges and Solutions<\/a><\/li>\n<li><a href=\"https:\/\/researchsnipers.com\/decoding-the-future-of-nanosystems-a-network-theory-approach\/\" target=\"_blank\" rel=\"noopener\">Decoding the Future of Nanosystems: A Network Theory Approach<\/a><\/li>\n<li><a href=\"https:\/\/techbehindit.com\/crypto\/decoding-factors-and-futures-of-bitcoin-and-ethereum-values\/\" target=\"_blank\" rel=\"noopener\">Decoding Factors and Futures of Bitcoin and Ethereum Values<\/a><\/li>\n<li><a href=\"https:\/\/www.itechfy.com\/business\/photovoltaic-and-technology-integration-with-vertical-farming\/\" target=\"_blank\" rel=\"noopener\">Photovoltaic and Technology Integration with Vertical Farming<\/a><\/li>\n<li><a href=\"https:\/\/sqm-club.com\/photovoltaic-and-technology-integration-with-vertical-farming\/\" target=\"_blank\" rel=\"noopener\">Photovoltaic and Technology Integration with Vertical Farming<\/a><\/li>\n<li><a href=\"https:\/\/researchsnipers.com\/an-approach-to-improve-energy-and-technology-in-agriculture\/\" target=\"_blank\" rel=\"noopener\">An Approach to Improve Energy and Technology in Agriculture<\/a><\/li>\n<\/ul>\n\n<h3>Art\u00edculos en La Cr\u00f3nica<\/h3>\n<ul>\n<li>\u201cLa industria mar\u00edtima \u2018verde\u2019: la propulsi\u00f3n el\u00e9ctrica y las bater\u00edas de almacenamiento a bordo\u201d (9 junio 2023) \u2013 <a href=\"https:\/\/www.cronica.com.mx\/negocios\/industria-maritima-verde-propulsion-electrica-baterias-almacenamiento-bordo.html\" target=\"_blank\" rel=\"noopener\">Leer art\u00edculo<\/a><\/li>\n<li>\u201cUna mirada al Corredor Interoce\u00e1nico en M\u00e9xico desde el punto de vista de la teor\u00eda de redes\u201d (23 mayo 2023) \u2013 <a href=\"https:\/\/www.cronica.com.mx\/negocios\/mirada-corredor-interoceanico-mexico-punto-vista-teoria-redes.html\" target=\"_blank\" rel=\"noopener\">Leer art\u00edculo<\/a><\/li>\n<li>\u201cElectrificando el futuro: Por qu\u00e9 no podemos ignorar las l\u00edneas de transmisi\u00f3n\u201d (16 mayo 2023) \u2013 <a href=\"https:\/\/www.cronica.com.mx\/negocios\/electrificando-futuro-ignorar-lineas-transmision.html\" target=\"_blank\" rel=\"noopener\">Leer art\u00edculo<\/a><\/li>\n<\/ul>\t\t\t\t\t\t\t\t<\/div>\n\t\t\t\t<\/div>\n\t\t\t\t\t<\/div>\n\t\t\t\t<\/div>\n\t\t<div class=\"elementor-element elementor-element-87246a4 e-flex e-con-boxed e-con e-parent\" data-id=\"87246a4\" data-element_type=\"container\" data-e-type=\"container\">\n\t\t\t\t\t<div class=\"e-con-inner\">\n\t\t\t\t<div class=\"elementor-element elementor-element-621378b elementor-widget elementor-widget-text-editor\" data-id=\"621378b\" data-element_type=\"widget\" data-e-type=\"widget\" data-widget_type=\"text-editor.default\">\n\t\t\t\t<div class=\"elementor-widget-container\">\n\t\t\t\t\t\t\t\t\t<script type=\"application\/ld+json\">\n{\n  \"@context\": \"https:\/\/schema.org\",\n  \"@type\": \"Person\",\n  \"name\": \"Jos\u00e9 Luis Ch\u00e1vez Calva\",\n  \"jobTitle\": \"Asesor Estrat\u00e9gico Senior \u2013 Energ\u00eda, Miner\u00eda e Innovaci\u00f3n\",\n  \"url\": \"https:\/\/joseluischavezcalva.com\/es\/en-los-medios\/\",\n  \"sameAs\": [\n    \"https:\/\/orcid.org\/0009-0008-7851-1528\",\n    \"https:\/\/scholar.google.com\/citations?user=202x5eIAAAAJ\",\n    \"https:\/\/www.researchgate.net\/profile\/Jose-Luis-Chavez-Calva\",\n    \"https:\/\/independentresearcher.academia.edu\/JOSELUISCHAVEZCALVA\",\n    \"https:\/\/joseluischavezcalva.substack.com\"\n  ]\n}\n<\/script>\t\t\t\t\t\t\t\t<\/div>\n\t\t\t\t<\/div>\n\t\t\t\t\t<\/div>\n\t\t\t\t<\/div>\n\t\t\t\t<\/div>\n\t\t","protected":false},"excerpt":{"rendered":"<p>En los medios Superconductividad: Impacto transformador en el almacenamiento y transmisi\u00f3n de energ\u00eda La superconductividad es un fen\u00f3meno f\u00edsico en el que ciertos materiales pueden conducir corriente el\u00e9ctrica con resistencia cero cuando se enfr\u00edan por debajo de una temperatura espec\u00edfica. Los superconductores Tipo I, generalmente metales puros, est\u00e1n limitados por sus bajas temperaturas y campos [&hellip;]<\/p>\n","protected":false},"author":1,"featured_media":0,"parent":0,"menu_order":0,"comment_status":"closed","ping_status":"closed","template":"","meta":{"om_disable_all_campaigns":false,"_monsterinsights_skip_tracking":false,"_monsterinsights_sitenote_active":false,"_monsterinsights_sitenote_note":"","_monsterinsights_sitenote_category":0,"site-sidebar-layout":"no-sidebar","site-content-layout":"","ast-site-content-layout":"full-width-container","site-content-style":"default","site-sidebar-style":"default","ast-global-header-display":"","ast-banner-title-visibility":"","ast-main-header-display":"","ast-hfb-above-header-display":"","ast-hfb-below-header-display":"","ast-hfb-mobile-header-display":"","site-post-title":"disabled","ast-breadcrumbs-content":"","ast-featured-img":"disabled","footer-sml-layout":"","ast-disable-related-posts":"","theme-transparent-header-meta":"default","adv-header-id-meta":"","stick-header-meta":"","header-above-stick-meta":"","header-main-stick-meta":"","header-below-stick-meta":"","astra-migrate-meta-layouts":"set","ast-page-background-enabled":"default","ast-page-background-meta":{"desktop":{"background-color":"var(--ast-global-color-4)","background-image":"","background-repeat":"repeat","background-position":"center center","background-size":"auto","background-attachment":"scroll","background-type":"","background-media":"","overlay-type":"","overlay-color":"","overlay-opacity":"","overlay-gradient":""},"tablet":{"background-color":"","background-image":"","background-repeat":"repeat","background-position":"center center","background-size":"auto","background-attachment":"scroll","background-type":"","background-media":"","overlay-type":"","overlay-color":"","overlay-opacity":"","overlay-gradient":""},"mobile":{"background-color":"","background-image":"","background-repeat":"repeat","background-position":"center center","background-size":"auto","background-attachment":"scroll","background-type":"","background-media":"","overlay-type":"","overlay-color":"","overlay-opacity":"","overlay-gradient":""}},"ast-content-background-meta":{"desktop":{"background-color":"var(--ast-global-color-5)","background-image":"","background-repeat":"repeat","background-position":"center center","background-size":"auto","background-attachment":"scroll","background-type":"","background-media":"","overlay-type":"","overlay-color":"","overlay-opacity":"","overlay-gradient":""},"tablet":{"background-color":"var(--ast-global-color-5)","background-image":"","background-repeat":"repeat","background-position":"center center","background-size":"auto","background-attachment":"scroll","background-type":"","background-media":"","overlay-type":"","overlay-color":"","overlay-opacity":"","overlay-gradient":""},"mobile":{"background-color":"var(--ast-global-color-5)","background-image":"","background-repeat":"repeat","background-position":"center center","background-size":"auto","background-attachment":"scroll","background-type":"","background-media":"","overlay-type":"","overlay-color":"","overlay-opacity":"","overlay-gradient":""}},"footnotes":""},"class_list":["post-1268","page","type-page","status-publish","hentry"],"_links":{"self":[{"href":"https:\/\/joseluischavezcalva.com\/es\/wp-json\/wp\/v2\/pages\/1268","targetHints":{"allow":["GET"]}}],"collection":[{"href":"https:\/\/joseluischavezcalva.com\/es\/wp-json\/wp\/v2\/pages"}],"about":[{"href":"https:\/\/joseluischavezcalva.com\/es\/wp-json\/wp\/v2\/types\/page"}],"author":[{"embeddable":true,"href":"https:\/\/joseluischavezcalva.com\/es\/wp-json\/wp\/v2\/users\/1"}],"replies":[{"embeddable":true,"href":"https:\/\/joseluischavezcalva.com\/es\/wp-json\/wp\/v2\/comments?post=1268"}],"version-history":[{"count":26,"href":"https:\/\/joseluischavezcalva.com\/es\/wp-json\/wp\/v2\/pages\/1268\/revisions"}],"predecessor-version":[{"id":1377,"href":"https:\/\/joseluischavezcalva.com\/es\/wp-json\/wp\/v2\/pages\/1268\/revisions\/1377"}],"wp:attachment":[{"href":"https:\/\/joseluischavezcalva.com\/es\/wp-json\/wp\/v2\/media?parent=1268"}],"curies":[{"name":"wp","href":"https:\/\/api.w.org\/{rel}","templated":true}]}}